{"id":3694,"date":"2012-04-19T17:58:37","date_gmt":"2012-04-19T17:58:37","guid":{"rendered":"http:\/\/www.mediasys24.de\/cms\/?page_id=3694"},"modified":"2012-04-19T19:13:37","modified_gmt":"2012-04-19T19:13:37","slug":"fernwartung","status":"publish","type":"page","link":"https:\/\/www.mediasys24.de\/cms\/fernwartung\/","title":{"rendered":"Fernwartung"},"content":{"rendered":"<h4>Vielen Dank das Sie uns Vertrauen.<\/h4>\n<p>Hier k\u00f6nnen Sie unsere Fernwartungssoftware <a href=\"https:\/\/www.mediasys24.de\/wp-content\/uploads\/2012\/04\/support.exe\" target=\"_blank\">downloaden<\/a>.<\/p>\n<p><a href=\"https:\/\/www.mediasys24.de\/wp-content\/uploads\/2012\/04\/wartung.jpg\" rel=\"zoombox[portfolio]\"><img loading=\"lazy\" class=\"alignleft size-thumbnail wp-image-3703\" title=\"wartung\" src=\"https:\/\/www.mediasys24.de\/wp-content\/uploads\/2012\/04\/wartung-150x150.jpg\" alt=\"\" width=\"150\" height=\"150\" srcset=\"https:\/\/www.mediasys24.de\/wp-content\/uploads\/2012\/04\/wartung-150x150.jpg 150w, https:\/\/www.mediasys24.de\/wp-content\/uploads\/2012\/04\/wartung-80x80.jpg 80w\" sizes=\"(max-width: 150px) 100vw, 150px\" \/><\/a>Bitte kontaktieren Sie uns telefonisch unter der 0361 &#8211; 73 44 73<br \/>\nbevor Sie die Fernwartung starten.<\/p>\n<p>Wir berechnen Ihnen\u00a0f\u00fcr\u00a0jede angefangene 1\/4 Stunde mit 15 Euro netto.<br \/>\nF\u00fcr Kunden welche eine Wartungsvertrag mit uns haben gelten die vereinbarten Konditionen.<\/p>\n<p>Achtung beim Ausf\u00fchren der Fernwartungssoftware kann unter Umst\u00e4nden eine Sicherheitswarnung angezeigt werden. Der Grund\u00a0f\u00fcr diese Meldung ist, dass die Datei keine g\u00fcltige digitale Signatur hat.<\/p>\n<p>Gerne nehmen wir unseren Support auch \u00fcber das Remote Desktop Protokoll vor.<\/p>\n","protected":false},"excerpt":{"rendered":"<p>Vielen Dank das Sie uns Vertrauen. Hier k\u00f6nnen Sie unsere Fernwartungssoftware downloaden. Bitte kontaktieren Sie uns telefonisch unter der 0361 &#8211; 73 44 73 bevor Sie die Fernwartung starten. Wir berechnen Ihnen\u00a0f\u00fcr\u00a0jede angefangene 1\/4 Stunde mit 15 Euro netto. F\u00fcr Kunden welche eine Wartungsvertrag mit uns haben gelten die vereinbarten Konditionen. Achtung beim Ausf\u00fchren der Fernwartungssoftware kann unter Umst\u00e4nden eine Sicherheitswarnung angezeigt werden. Der Grund\u00a0f\u00fcr diese Meldung ist, dass die Datei keine g\u00fcltige digitale Signatur hat. Gerne nehmen wir unseren Support auch \u00fcber das Remote Desktop Protokoll vor.<\/p>\n","protected":false},"author":1,"featured_media":0,"parent":0,"menu_order":0,"comment_status":"closed","ping_status":"closed","template":"twocolumn-page.php","meta":[],"_links":{"self":[{"href":"https:\/\/www.mediasys24.de\/cms\/wp-json\/wp\/v2\/pages\/3694"}],"collection":[{"href":"https:\/\/www.mediasys24.de\/cms\/wp-json\/wp\/v2\/pages"}],"about":[{"href":"https:\/\/www.mediasys24.de\/cms\/wp-json\/wp\/v2\/types\/page"}],"author":[{"embeddable":true,"href":"https:\/\/www.mediasys24.de\/cms\/wp-json\/wp\/v2\/users\/1"}],"replies":[{"embeddable":true,"href":"https:\/\/www.mediasys24.de\/cms\/wp-json\/wp\/v2\/comments?post=3694"}],"version-history":[{"count":17,"href":"https:\/\/www.mediasys24.de\/cms\/wp-json\/wp\/v2\/pages\/3694\/revisions"}],"predecessor-version":[{"id":3712,"href":"https:\/\/www.mediasys24.de\/cms\/wp-json\/wp\/v2\/pages\/3694\/revisions\/3712"}],"wp:attachment":[{"href":"https:\/\/www.mediasys24.de\/cms\/wp-json\/wp\/v2\/media?parent=3694"}],"curies":[{"name":"wp","href":"https:\/\/api.w.org\/{rel}","templated":true}]}}