{"id":3297,"date":"2012-04-03T11:21:26","date_gmt":"2012-04-03T11:21:26","guid":{"rendered":"http:\/\/test.mediasys24.de\/?page_id=3297"},"modified":"2016-12-02T19:18:28","modified_gmt":"2016-12-02T19:18:28","slug":"3d-rendering-und-animationen","status":"publish","type":"page","link":"https:\/\/www.mediasys24.de\/cms\/3d-rendering-und-animationen\/","title":{"rendered":"3D-Rendering und Animationen"},"content":{"rendered":"<p><img loading=\"lazy\" class=\"alignleft size-thumbnail wp-image-3564\" title=\"doppelhaus1\" src=\"https:\/\/www.mediasys24.de\/wp-content\/uploads\/2012\/04\/doppelhaus1-150x150.jpg\" alt=\"\" width=\"150\" height=\"150\" srcset=\"https:\/\/www.mediasys24.de\/wp-content\/uploads\/2012\/04\/doppelhaus1-150x150.jpg 150w, https:\/\/www.mediasys24.de\/wp-content\/uploads\/2012\/04\/doppelhaus1-80x80.jpg 80w\" sizes=\"(max-width: 150px) 100vw, 150px\" \/>Gemeinsam mit unserem Partner erstellen wir f\u00fcr Sie hochwertige 3D-Bilder, sowie 3D-Animationen. Mit 3D-Bildern lassen sich \u00f6rtliche Gegebenheiten besser erl\u00e4utern.<\/p>\n<p>Diverse Bautr\u00e4ger haben schon von diesem Service Gebrauch gemacht.<br \/>\n\u00a0<\/p>\n<h3>Wir k\u00f6nnen Ihnen helfen&#8230;<\/h3>\n<ul class=\"check\">\n<ul>\n<li>bei der Darstellung komplexer Bewegungsabl\u00e4ufe und Funktionen von Maschinen und Anlagen, Automatisierungstechnik, Maschinenelementen und Baugruppen<\/li>\n<li>Kollisionsbetrachtungen und Ablaufsimulationen<\/li>\n<li>Animation von Montageabl\u00e4ufen von der Explosivdarstellung bis zum Zusammenbau<\/li>\n<li>Virtuelle Begehungen von Bauwerken<\/li>\n<li>3D \u2013 Sequenzen f\u00fcr Werbung, Video und Mediengestaltung<\/ul><\/li>\n<\/ul>\n","protected":false},"excerpt":{"rendered":"<p>Gemeinsam mit unserem Partner erstellen wir f\u00fcr Sie hochwertige 3D-Bilder, sowie 3D-Animationen. Mit 3D-Bildern lassen sich \u00f6rtliche Gegebenheiten besser erl\u00e4utern. Diverse Bautr\u00e4ger haben schon von diesem Service Gebrauch gemacht. \u00a0 Wir k\u00f6nnen Ihnen helfen&#8230;<\/p>\n","protected":false},"author":1,"featured_media":3553,"parent":0,"menu_order":0,"comment_status":"closed","ping_status":"closed","template":"twocolumn-page.php","meta":[],"_links":{"self":[{"href":"https:\/\/www.mediasys24.de\/cms\/wp-json\/wp\/v2\/pages\/3297"}],"collection":[{"href":"https:\/\/www.mediasys24.de\/cms\/wp-json\/wp\/v2\/pages"}],"about":[{"href":"https:\/\/www.mediasys24.de\/cms\/wp-json\/wp\/v2\/types\/page"}],"author":[{"embeddable":true,"href":"https:\/\/www.mediasys24.de\/cms\/wp-json\/wp\/v2\/users\/1"}],"replies":[{"embeddable":true,"href":"https:\/\/www.mediasys24.de\/cms\/wp-json\/wp\/v2\/comments?post=3297"}],"version-history":[{"count":9,"href":"https:\/\/www.mediasys24.de\/cms\/wp-json\/wp\/v2\/pages\/3297\/revisions"}],"predecessor-version":[{"id":3835,"href":"https:\/\/www.mediasys24.de\/cms\/wp-json\/wp\/v2\/pages\/3297\/revisions\/3835"}],"wp:featuredmedia":[{"embeddable":true,"href":"https:\/\/www.mediasys24.de\/cms\/wp-json\/wp\/v2\/media\/3553"}],"wp:attachment":[{"href":"https:\/\/www.mediasys24.de\/cms\/wp-json\/wp\/v2\/media?parent=3297"}],"curies":[{"name":"wp","href":"https:\/\/api.w.org\/{rel}","templated":true}]}}