{"id":3295,"date":"2012-04-03T11:20:56","date_gmt":"2012-04-03T11:20:56","guid":{"rendered":"http:\/\/test.mediasys24.de\/?page_id=3295"},"modified":"2018-02-23T16:07:15","modified_gmt":"2018-02-23T16:07:15","slug":"bgv-a3-pruefung-elektrischer-geraete","status":"publish","type":"page","link":"https:\/\/www.mediasys24.de\/cms\/bgv-a3-pruefung-elektrischer-geraete\/","title":{"rendered":"DGUV V3\/E-Check &#8211; BGV A3-Pr\u00fcfung elektrischer Ger\u00e4te"},"content":{"rendered":"<p><img loading=\"lazy\" class=\"alignleft size-thumbnail wp-image-3283\" title=\"bgva3-slider\" src=\"https:\/\/www.mediasys24.de\/wp-content\/uploads\/2012\/04\/bgva3-slider-150x150.jpg\" alt=\"\" width=\"150\" height=\"150\" srcset=\"https:\/\/www.mediasys24.de\/wp-content\/uploads\/2012\/04\/bgva3-slider-150x150.jpg 150w, https:\/\/www.mediasys24.de\/wp-content\/uploads\/2012\/04\/bgva3-slider-80x80.jpg 80w\" sizes=\"(max-width: 150px) 100vw, 150px\" \/>Nach den Unfallverh\u00fctungsvorschriften der Berufsgenossenschaften hat der Unternehmer daf\u00fcr zu sorgen, dass elektrische Anlagen und Betriebsmittel nach der <a href=\"http:\/\/publikationen.dguv.de\/dguv\/pdf\/10002\/vorschrift3.pdf\" target=\"_blank\" rel=\"noopener noreferrer\">DGUV V3\/ E-Check (ehemals. BGV A3 (BGV A2) &#8211; Verordnung<\/a>\u00a0in einem ordnungsgem\u00e4\u00dfen Zustand sind.<\/p>\n<p>Wir pr\u00fcfen und geben Ihnen die Sicherheit, dass Ihre elektrischen Ger\u00e4te und Betriebsmittel in einem betriebssicherem Zustand sind. Wir pr\u00fcfen nach den derzeitig geltenden VDE-Bestimmungen.<\/p>\n<p>Wir pr\u00fcfen Ihre B\u00fcroger\u00e4te, ortsfeste und ortsver\u00e4nderliche Elektroger\u00e4te (ob Computer, Drucker, sonstiges Zubeh\u00f6r wie Chipkartenleser, Scanner, schnurlose Telefone oder auch nur ihre Schreibtischlampe) nach den geltenden DIN VDE 0701\/0702. Nach bestandener Pr\u00fcfung best\u00e4tigen wir Ihnen diese mit einer Pr\u00fcfplakette und einem Pr\u00fcfprotokoll.<\/p>\n<p>Die Kosten der DGUV V3-Pr\u00fcfung sind abh\u00e4ngig von der Anzahl der zu pr\u00fcfenden Ger\u00e4te. Gerne unterbreiten wir Ihnen hierzu ein f\u00fcr Sie passendes Angebot.<\/p>\n<p>Seit Oktober 2002 ist diese Vielzahl von unterschiedlichen Regelungen in der <a href=\"https:\/\/www.gesetze-im-internet.de\/betrsichv_2015\/\" target=\"_blank\" rel=\"noopener noreferrer\">Betriebssicherheitsverordnung <\/a>(BetrSichV) zusammengefasst. Im Rahmen einer Gef\u00e4hrdungsbeurteilung muss der Arbeitgeber nun selbst ermitteln, welche seiner Arbeitsmittel pr\u00fcfbed\u00fcrftig sind. Dabei hat er die Fristen f\u00fcr die Pr\u00fcfungen zu bestimmen.<\/p>\n<p>Die Pr\u00fcfung der Ger\u00e4te soll Sie vor der Haftung bei Unf\u00e4llen, verursacht durch defekte Elektroger\u00e4te, und somit vor wirtschaftlichen Sch\u00e4den sch\u00fctzen. Sch\u00fctzen Sie sich, Ihre Kunden und Mitarbeiter.<\/p>\n<p>Die Berufsgenossenschaften schlie\u00dfen ebenfalls eine Haftung aus, wenn Personen durch ein ungepr\u00fcftes Ger\u00e4t dauerhaft zu Schaden oder gar zu Tode kommen. Der Gesetzgeber hat diese Vorschrift in das siebte Sozialgesetzbuch (SGB VII) \u00fcbernommen (\u00a7 209 Abs. 1 Nr. 1 SGB VII).<\/p>\n<p>Um Schadensf\u00e4lle zu vermeiden, lassen Sie Ihre Ger\u00e4te pr\u00fcfen! Grunds\u00e4tzlich sind alle elektrisch betriebenen Ger\u00e4te zu pr\u00fcfen, die nicht fest am Netz, sondern mittels Stecker an einer Steckdose angeschlossen sind.<\/p>\n<p>Unser Service f\u00fcr Sie &#8230;<br \/>\n<ul class=\"check\">\n<ul>\n<li>Wiederholungspr\u00fcfung<\/li>\n<li>Sichtpr\u00fcfung<\/li>\n<li>Messung mit einen zugelassenen und kalibrierten Pr\u00fcfger\u00e4t<\/li>\n<li>Pr\u00fcfung der Funktion<\/li>\n<li>Beurteilung des Pr\u00fcflinges<\/li>\n<\/ul>\n<\/ul><\/p>\n","protected":false},"excerpt":{"rendered":"<p>Nach den Unfallverh\u00fctungsvorschriften der Berufsgenossenschaften hat der Unternehmer daf\u00fcr zu sorgen, dass elektrische Anlagen und Betriebsmittel nach der DGUV V3\/ E-Check (ehemals. BGV A3 (BGV A2) &#8211; Verordnung\u00a0in einem ordnungsgem\u00e4\u00dfen Zustand sind. Wir pr\u00fcfen und geben Ihnen die Sicherheit, dass Ihre elektrischen Ger\u00e4te und Betriebsmittel in einem betriebssicherem Zustand sind. Wir pr\u00fcfen nach den derzeitig geltenden VDE-Bestimmungen. Wir pr\u00fcfen Ihre B\u00fcroger\u00e4te, ortsfeste und ortsver\u00e4nderliche Elektroger\u00e4te (ob Computer, Drucker, sonstiges Zubeh\u00f6r wie Chipkartenleser, Scanner, schnurlose Telefone oder auch nur ihre Schreibtischlampe) nach den geltenden DIN VDE 0701\/0702. Nach bestandener Pr\u00fcfung best\u00e4tigen wir Ihnen diese mit einer Pr\u00fcfplakette und einem Pr\u00fcfprotokoll. Die [&hellip;]<\/p>\n","protected":false},"author":1,"featured_media":0,"parent":0,"menu_order":0,"comment_status":"closed","ping_status":"closed","template":"twocolumn-page.php","meta":[],"_links":{"self":[{"href":"https:\/\/www.mediasys24.de\/cms\/wp-json\/wp\/v2\/pages\/3295"}],"collection":[{"href":"https:\/\/www.mediasys24.de\/cms\/wp-json\/wp\/v2\/pages"}],"about":[{"href":"https:\/\/www.mediasys24.de\/cms\/wp-json\/wp\/v2\/types\/page"}],"author":[{"embeddable":true,"href":"https:\/\/www.mediasys24.de\/cms\/wp-json\/wp\/v2\/users\/1"}],"replies":[{"embeddable":true,"href":"https:\/\/www.mediasys24.de\/cms\/wp-json\/wp\/v2\/comments?post=3295"}],"version-history":[{"count":13,"href":"https:\/\/www.mediasys24.de\/cms\/wp-json\/wp\/v2\/pages\/3295\/revisions"}],"predecessor-version":[{"id":3878,"href":"https:\/\/www.mediasys24.de\/cms\/wp-json\/wp\/v2\/pages\/3295\/revisions\/3878"}],"wp:attachment":[{"href":"https:\/\/www.mediasys24.de\/cms\/wp-json\/wp\/v2\/media?parent=3295"}],"curies":[{"name":"wp","href":"https:\/\/api.w.org\/{rel}","templated":true}]}}