{"id":3293,"date":"2012-04-03T11:20:15","date_gmt":"2012-04-03T11:20:15","guid":{"rendered":"http:\/\/test.mediasys24.de\/?page_id=3293"},"modified":"2016-12-02T19:17:44","modified_gmt":"2016-12-02T19:17:44","slug":"beratung-verkauf-denn-vieles-laesst-sich-einrichten","status":"publish","type":"page","link":"https:\/\/www.mediasys24.de\/cms\/beratung-verkauf-denn-vieles-laesst-sich-einrichten\/","title":{"rendered":"Beratung &#038; Verkauf &#8211; denn Vieles l\u00e4sst sich einrichten"},"content":{"rendered":"<p><img loading=\"lazy\" class=\"alignleft size-thumbnail wp-image-3550\" title=\"sale-slider\" src=\"https:\/\/www.mediasys24.de\/wp-content\/uploads\/2012\/04\/sale-slider-150x150.jpg\" alt=\"\" width=\"150\" height=\"150\" srcset=\"https:\/\/www.mediasys24.de\/wp-content\/uploads\/2012\/04\/sale-slider-150x150.jpg 150w, https:\/\/www.mediasys24.de\/wp-content\/uploads\/2012\/04\/sale-slider-80x80.jpg 80w\" sizes=\"(max-width: 150px) 100vw, 150px\" \/>Sie w\u00fcnschen Beratung von A-Z in Ihrer gewohnten Umgebung oder ein Komplettsystem, welches auf Ihre Bed\u00fcrfnisse zugeschnitten ist?<\/p>\n<p>Rufen Sie an oder senden Sie einfach eine <a href=\"https:\/\/www.mediasys24.de\/index.php?CID=kontakt\">eMail<\/a> um mit uns einen pers\u00f6nlichen Beratungstermin zu vereinbaren!<\/p>\n<h3>Hol- &amp; Bringservice<\/h3>\n<p>Auf Wunsch und nach Absprache bietet der Hol- und Bringservice eine bequeme Alternative f\u00fcr den Kunden.<\/p>\n<h3>Lieferservice bzw. Versandkosten<\/h3>\n<p>Mediasys f\u00fchrt kein Ladenlokal, so dass Ladenmiete und Nebenkosten nicht auf das Produkt und letztendlich auf den Kunden abgew\u00e4lzt werden. Stattdessen werden faire Hard- und Softwarepreise und ein kosteng\u00fcnstiger Lieferservice bzw. kosteng\u00fcnstige Versandkosten angeboten. Schicken Sie uns Ihre Preisanfragen am besten gleich per <a href=\"https:\/\/www.mediasys24.de\/index.php?CID=kontakt\">eMail<\/a> zu!<\/p>\n<h3>Kaufberatung &#8211; Egal wo Sie Ihre Hard- &amp; Software kaufen<\/h3>\n<p>Gerne begleiten wir Sie zu Kaufgespr\u00e4chen rund um Hard- &amp; Software, auch wenn Sie diese nicht bei uns erwerben m\u00f6chten.<\/p>\n<h3>Ablaufoptimierung &#8211; Auf die Anwendung kommt es an<\/h3>\n<p>Viele unternehmensspezifische Abl\u00e4ufe lassen sich mit der richtigen Software sinnvoll optimieren. Auch in diesem Bereich bietet <strong>Mediasys <\/strong>seine Leistungen an, widmet sich Ihrem Anliegen, analysiert und ber\u00e4t anschlie\u00dfend gerne.<\/p>\n","protected":false},"excerpt":{"rendered":"<p>Sie w\u00fcnschen Beratung von A-Z in Ihrer gewohnten Umgebung oder ein Komplettsystem, welches auf Ihre Bed\u00fcrfnisse zugeschnitten ist? Rufen Sie an oder senden Sie einfach eine eMail um mit uns einen pers\u00f6nlichen Beratungstermin zu vereinbaren! Hol- &amp; Bringservice Auf Wunsch und nach Absprache bietet der Hol- und Bringservice eine bequeme Alternative f\u00fcr den Kunden. Lieferservice bzw. Versandkosten Mediasys f\u00fchrt kein Ladenlokal, so dass Ladenmiete und Nebenkosten nicht auf das Produkt und letztendlich auf den Kunden abgew\u00e4lzt werden. Stattdessen werden faire Hard- und Softwarepreise und ein kosteng\u00fcnstiger Lieferservice bzw. kosteng\u00fcnstige Versandkosten angeboten. Schicken Sie uns Ihre Preisanfragen am besten gleich per [&hellip;]<\/p>\n","protected":false},"author":1,"featured_media":3550,"parent":0,"menu_order":0,"comment_status":"closed","ping_status":"closed","template":"twocolumn-page.php","meta":[],"_links":{"self":[{"href":"https:\/\/www.mediasys24.de\/cms\/wp-json\/wp\/v2\/pages\/3293"}],"collection":[{"href":"https:\/\/www.mediasys24.de\/cms\/wp-json\/wp\/v2\/pages"}],"about":[{"href":"https:\/\/www.mediasys24.de\/cms\/wp-json\/wp\/v2\/types\/page"}],"author":[{"embeddable":true,"href":"https:\/\/www.mediasys24.de\/cms\/wp-json\/wp\/v2\/users\/1"}],"replies":[{"embeddable":true,"href":"https:\/\/www.mediasys24.de\/cms\/wp-json\/wp\/v2\/comments?post=3293"}],"version-history":[{"count":9,"href":"https:\/\/www.mediasys24.de\/cms\/wp-json\/wp\/v2\/pages\/3293\/revisions"}],"predecessor-version":[{"id":3833,"href":"https:\/\/www.mediasys24.de\/cms\/wp-json\/wp\/v2\/pages\/3293\/revisions\/3833"}],"wp:featuredmedia":[{"embeddable":true,"href":"https:\/\/www.mediasys24.de\/cms\/wp-json\/wp\/v2\/media\/3550"}],"wp:attachment":[{"href":"https:\/\/www.mediasys24.de\/cms\/wp-json\/wp\/v2\/media?parent=3293"}],"curies":[{"name":"wp","href":"https:\/\/api.w.org\/{rel}","templated":true}]}}