{"id":3291,"date":"2012-04-03T11:19:38","date_gmt":"2012-04-03T11:19:38","guid":{"rendered":"http:\/\/test.mediasys24.de\/?page_id=3291"},"modified":"2016-12-02T19:17:18","modified_gmt":"2016-12-02T19:17:18","slug":"netzwerkloesungen","status":"publish","type":"page","link":"https:\/\/www.mediasys24.de\/cms\/netzwerkloesungen\/","title":{"rendered":"Netzwerkl\u00f6sungen"},"content":{"rendered":"<p><img loading=\"lazy\" class=\"size-thumbnail wp-image-3279 alignleft\" title=\"netzwerk-slider\" src=\"https:\/\/www.mediasys24.de\/wp-content\/uploads\/2012\/04\/netzwerk-slider-150x150.jpg\" alt=\"\" width=\"150\" height=\"150\" srcset=\"https:\/\/www.mediasys24.de\/wp-content\/uploads\/2012\/04\/netzwerk-slider-150x150.jpg 150w, https:\/\/www.mediasys24.de\/wp-content\/uploads\/2012\/04\/netzwerk-slider-80x80.jpg 80w\" sizes=\"(max-width: 150px) 100vw, 150px\" \/>Ein Netzwerk muss nicht aus endlos vielen PC\u00b4s bestehen &#8211; sinnvolle Netzwerktechnik beginnt bereits dort, wo sich z.B. zwei Computer einen Drucker oder das Internet teilen.<\/p>\n<p>Oder laufen Sie gern mit Disketten von einem Rechner zum anderen? Mit einem Netzwerk k\u00f6nnen Sie sich Ihre Arbeit erleichtern und Kosten sparen.<\/p>\n<p><strong><br \/>\nDie Einrichtung eines Netzwerkes ist immer dann sinnvoll, wenn&#8230;<\/strong><br \/>\n<ul class=\"check\">\n<ul>\n<li>zwei oder mehr Rechner in n\u00e4herer Umgebung betrieben werden, oder<\/li>\n<li>Daten \u00fcber gr\u00f6\u00dfere Distanzen (z.B. mehrere Stockwerke) \u00fcbertragen werden m\u00fcssen, oder<\/li>\n<li>die selben Projekte von mehreren Personen bearbeitet werden<\/li>\n<li>gemeinsame Ressourcen genutzt werden sollen (z.B. Netzwerk-Drucker oder NAS)<\/li>\n<li>ein Internet-Anschluss von mehreren genutzt werden soll<\/li>\n<li>h\u00e4ufig Sicherheitskopien erstellt werden sollen<\/li>\n<li>eine zentrale Rechnerverwaltung gew\u00fcnscht wird<\/li>\n<li>Standortvernetzung per VPN<\/li>\n<\/ul>\n<\/ul><br \/>\nDie Kosten sind oft geringer, als man es vermuten w\u00fcrde. Um ein kleines B\u00fcro mit einem Netzwerk auszustatten reichen f\u00fcr jeden PC eine Netzwerkkarte und die Verbindungskabel. Die Integration in das Netzwerk ist unabh\u00e4ngig von den jeweiligen Betriebssystemen ( Windows7, WinXP), die auf den PC\u00b4s installiert sind.<\/p>\n<p>Erst bei gr\u00f6\u00dferen Netzwerken wird ein eigener Server f\u00fcr die zentrale Rechnerverwaltung notwendig, der mit einem Server-Betriebssystem betrieben werden muss.<\/p>\n","protected":false},"excerpt":{"rendered":"<p>Ein Netzwerk muss nicht aus endlos vielen PC\u00b4s bestehen &#8211; sinnvolle Netzwerktechnik beginnt bereits dort, wo sich z.B. zwei Computer einen Drucker oder das Internet teilen. Oder laufen Sie gern mit Disketten von einem Rechner zum anderen? Mit einem Netzwerk k\u00f6nnen Sie sich Ihre Arbeit erleichtern und Kosten sparen. Die Einrichtung eines Netzwerkes ist immer dann sinnvoll, wenn&#8230; Die Kosten sind oft geringer, als man es vermuten w\u00fcrde. Um ein kleines B\u00fcro mit einem Netzwerk auszustatten reichen f\u00fcr jeden PC eine Netzwerkkarte und die Verbindungskabel. Die Integration in das Netzwerk ist unabh\u00e4ngig von den jeweiligen Betriebssystemen ( Windows7, WinXP), die [&hellip;]<\/p>\n","protected":false},"author":1,"featured_media":3279,"parent":0,"menu_order":0,"comment_status":"closed","ping_status":"closed","template":"twocolumn-page.php","meta":[],"_links":{"self":[{"href":"https:\/\/www.mediasys24.de\/cms\/wp-json\/wp\/v2\/pages\/3291"}],"collection":[{"href":"https:\/\/www.mediasys24.de\/cms\/wp-json\/wp\/v2\/pages"}],"about":[{"href":"https:\/\/www.mediasys24.de\/cms\/wp-json\/wp\/v2\/types\/page"}],"author":[{"embeddable":true,"href":"https:\/\/www.mediasys24.de\/cms\/wp-json\/wp\/v2\/users\/1"}],"replies":[{"embeddable":true,"href":"https:\/\/www.mediasys24.de\/cms\/wp-json\/wp\/v2\/comments?post=3291"}],"version-history":[{"count":23,"href":"https:\/\/www.mediasys24.de\/cms\/wp-json\/wp\/v2\/pages\/3291\/revisions"}],"predecessor-version":[{"id":3832,"href":"https:\/\/www.mediasys24.de\/cms\/wp-json\/wp\/v2\/pages\/3291\/revisions\/3832"}],"wp:featuredmedia":[{"embeddable":true,"href":"https:\/\/www.mediasys24.de\/cms\/wp-json\/wp\/v2\/media\/3279"}],"wp:attachment":[{"href":"https:\/\/www.mediasys24.de\/cms\/wp-json\/wp\/v2\/media?parent=3291"}],"curies":[{"name":"wp","href":"https:\/\/api.w.org\/{rel}","templated":true}]}}