{"id":3197,"date":"2012-04-03T08:33:18","date_gmt":"2012-04-03T08:33:18","guid":{"rendered":"http:\/\/test.mediasys24.de\/?page_id=3197"},"modified":"2012-04-10T13:13:05","modified_gmt":"2012-04-10T13:13:05","slug":"firmenprofil","status":"publish","type":"page","link":"https:\/\/www.mediasys24.de\/cms\/firmenprofil\/","title":{"rendered":"Firmenprofil"},"content":{"rendered":"<p>Unsere Philosophie ist es, stets besser zu sein als unsere Konkurrenten, dies sichert unseren Erfolg.<\/p>\n<p>Besonders f\u00fcr alle Benutzer im gewerblichen Bereich sollte gelten: Lassen Sie sich von der existenziellen Wichtigkeit einer sicher funktionierenden EDV-Anlage leiten. Wir bieten Ihnen den Komplettservice. Von der PC- &amp; Netzwerkinstallation, Systempflege \u00fcber die Erstellung Ihrer Webpr\u00e4senz bis hin zum Notfallservice sind wir immer f\u00fcr Sie da.<\/p>\n<p>Unser Leistungsspektrum richtet sich vor allem an klein- und mittelst\u00e4ndische Unternehmen. Ihre Erwartungen zu erf\u00fcllen oder zu \u00fcbertreffen ist unser Ziel. Ihre Anfragen werden wir mit zielgenauen Leistungen und L\u00f6sungen beantworten, dies spart Ihnen Zeit, Geld und \u00c4rger.<\/p>\n<p>Wir bieten Ihnen P\u00fcnktlichkeit, Zuverl\u00e4ssigkeit und Flexibilit\u00e4t. Auch au\u00dferhalb der normalen Gesch\u00e4ftszeiten sind wir immer f\u00fcr Sie da, damit Sie sich stets Ihren Kunden st\u00f6rungsfrei widmen k\u00f6nnen. Denn Ihr Gesch\u00e4ft ist unser Gesch\u00e4ft.<\/p>\n<p>Sie w\u00fcnschen Beratung von A-Z in Ihrer gewohnten Umgebung oder ein Komplettsystem, welches perfekt auf Ihre Bed\u00fcrfnisse zugeschnitten ist?<\/p>\n<p>Rufen Sie an oder schicken Sie einfach eine eMail um einen pers\u00f6nlichen Beratungstermin zu vereinbaren!<\/p>\n<p>Wir beraten Sie umfassend und l\u00f6sen Ihre Probleme auf verst\u00e4ndliche, f\u00fcr Sie nachvollziehbare Weise. Selbstverst\u00e4ndlich liefern wir Ihnen alle PC-Komponenten, richten diese ein und geben auf Wunsch eine Einf\u00fchrung zur Benutzung.<\/p>\n<p>Die Integrit\u00e4t und Vertraulichkeit der Informationen muss f\u00fcr Sie, Ihre Kunden und Ihre Mitarbeiter stets gew\u00e4hrleistet sein. Sie k\u00f6nnen sich darauf verlassen.<\/p>\n<p>Durch Schnelligkeit und qualitativ hochwertiges Arbeiten heben wir uns von unseren Konkurrenten ab. Wir garantieren Ihnen Zufriedenheit. Wir m\u00f6chten es Ihnen ohne Risiko erm\u00f6glichen, einen kompetenten Partner f\u00fcr Ihre EDV zu finden.<\/p>\n<div class=\"note-box\">Der wichtigste heute vernachl\u00e4ssigte Managementgrundsatz ist die N\u00e4he zum Kunden. Seine Bed\u00fcrfnisse zu erf\u00fcllen und seinen W\u00fcnschen zuvorzukommen: Darum geht es! F\u00fcr allzu viele Unternehmen ist der Kunde zum l\u00e4stigen St\u00f6renfried geworden.<br \/><span style=\"font-size:.8em; color:#cc3300;\">Gabriele Henkel, dt. Schriftstellerin u. Kolumnistin; Hochschullehrerin f. Kommunikationsdesign, Universit\u00e4t Wuppertal<\/span><\/div>\n","protected":false},"excerpt":{"rendered":"<p>Unsere Philosophie ist es, stets besser zu sein als unsere Konkurrenten, dies sichert unseren Erfolg. Besonders f\u00fcr alle Benutzer im gewerblichen Bereich sollte gelten: Lassen Sie sich von der existenziellen Wichtigkeit einer sicher funktionierenden EDV-Anlage leiten. Wir bieten Ihnen den Komplettservice. Von der PC- &amp; Netzwerkinstallation, Systempflege \u00fcber die Erstellung Ihrer Webpr\u00e4senz bis hin zum Notfallservice sind wir immer f\u00fcr Sie da. Unser Leistungsspektrum richtet sich vor allem an klein- und mittelst\u00e4ndische Unternehmen. Ihre Erwartungen zu erf\u00fcllen oder zu \u00fcbertreffen ist unser Ziel. Ihre Anfragen werden wir mit zielgenauen Leistungen und L\u00f6sungen beantworten, dies spart Ihnen Zeit, Geld und \u00c4rger. [&hellip;]<\/p>\n","protected":false},"author":1,"featured_media":0,"parent":0,"menu_order":0,"comment_status":"closed","ping_status":"closed","template":"twocolumn-page.php","meta":[],"_links":{"self":[{"href":"https:\/\/www.mediasys24.de\/cms\/wp-json\/wp\/v2\/pages\/3197"}],"collection":[{"href":"https:\/\/www.mediasys24.de\/cms\/wp-json\/wp\/v2\/pages"}],"about":[{"href":"https:\/\/www.mediasys24.de\/cms\/wp-json\/wp\/v2\/types\/page"}],"author":[{"embeddable":true,"href":"https:\/\/www.mediasys24.de\/cms\/wp-json\/wp\/v2\/users\/1"}],"replies":[{"embeddable":true,"href":"https:\/\/www.mediasys24.de\/cms\/wp-json\/wp\/v2\/comments?post=3197"}],"version-history":[{"count":24,"href":"https:\/\/www.mediasys24.de\/cms\/wp-json\/wp\/v2\/pages\/3197\/revisions"}],"predecessor-version":[{"id":3619,"href":"https:\/\/www.mediasys24.de\/cms\/wp-json\/wp\/v2\/pages\/3197\/revisions\/3619"}],"wp:attachment":[{"href":"https:\/\/www.mediasys24.de\/cms\/wp-json\/wp\/v2\/media?parent=3197"}],"curies":[{"name":"wp","href":"https:\/\/api.w.org\/{rel}","templated":true}]}}