{"id":131,"date":"2010-11-05T10:01:47","date_gmt":"2010-11-05T10:01:47","guid":{"rendered":"http:\/\/fadelicious.iki-bir.com\/wp\/?page_id=131"},"modified":"2024-06-15T08:50:09","modified_gmt":"2024-06-15T08:50:09","slug":"home","status":"publish","type":"page","link":"https:\/\/www.mediasys24.de\/cms\/","title":{"rendered":"Home"},"content":{"rendered":"<\/div><div id=\"slider\">\n  <div id=\"slider-wrapper\">\n\n    <div id=\"faded\">\n      \n\n<img src=\"https:\/\/www.mediasys24.de\/wp-content\/uploads\/2012\/04\/piece1.jpg\" alt=\"\" title=\"\" class=\" \"\/>\n\n<img src=\"https:\/\/www.mediasys24.de\/wp-content\/uploads\/2012\/04\/piece2.jpg\" alt=\"\" title=\"\" class=\" \"\/>\n\n<img src=\"https:\/\/www.mediasys24.de\/wp-content\/uploads\/2012\/04\/piece3.jpg\" alt=\"\" title=\"\" class=\" \"\/>\n\n<img src=\"https:\/\/www.mediasys24.de\/wp-content\/uploads\/2013\/06\/piece4.jpg\" alt=\"\" title=\"\" class=\" \"\/>\n<\/div><ul class=\"pagination\"><\/ul><div class=\"move\"> <a href=\"#\" class=\"prev\">prev<\/a> <a href=\"#\" class=\"next\">next<\/a> <\/div>\n<\/div><\/div><div class=\"container\">\n<h1 class=\"intro\">Ihr Partner f\u00fcr digitale Kommunikation.<br \/>\nNetzwerkl\u00f6sungen, Webdesign, Systeml\u00f6sungen, IT-Betreuung, Projektberatung.<span><\/span><\/h1>\n<div class=\"col4 center\">\n\n<img src=\"https:\/\/www.mediasys24.de\/wp-content\/uploads\/2012\/04\/networking.png\" alt=\"\" title=\"\" class=\"center \"\/>\n<h2>Netzwerkl\u00f6sungen<\/h2>\n<p>Planung und Aufbau von Server- und Netzwerk-Hardware. <div class=\"view\"><a href=\"netzwerkloesungen\/\" class=\"button\">mehr &#8230;<span><\/span><\/a><\/div><\/p>\n<\/div>\n<div class=\"col4 center\">\n\n<img src=\"https:\/\/www.mediasys24.de\/wp-content\/uploads\/2012\/04\/webseite.png\" alt=\"\" title=\"\" class=\"center \"\/>\n<h2>Web- &amp; Printdesign<\/h2>\n<p>Corporate Design: Webseiten, Folder, Flyer, Video etc. <div class=\"view\"><a href=\"referenzen\" class=\"button\">mehr &#8230;<span><\/span><\/a><\/div><\/p>\n<\/div>\n<div class=\"col4 center\">\n\n<img src=\"https:\/\/www.mediasys24.de\/wp-content\/uploads\/2012\/04\/shopping.png\" alt=\"\" title=\"\" class=\"center \"\/>\n<h2>Beratung &amp; Verkauf<\/h2>\n<p>Planung, Beschaffung, Installation Ihrer Telekommunikationsanlagen. <div class=\"view\"><a href=\"beratung-verkauf-denn-vieles-laesst-sich-einrichten\/\" class=\"button\">mehr &#8230;<span><\/span><\/a><\/div><\/p>\n<\/div>\n<div class=\"col4 center last\">\n\n<img src=\"https:\/\/www.mediasys24.de\/wp-content\/uploads\/2012\/04\/support.png\" alt=\"\" title=\"\" class=\"center \"\/>\n<h2>24\/7 Support<\/h2>\n<p>Wartung und St\u00f6rungsbeseitigung f\u00fcr IT- &amp; TK-Anlagen. <div class=\"view\"><a href=\"kontakt\" class=\"button\">mehr &#8230;<span><\/span><\/a><\/div><\/p>\n<\/div>\n<div class=\"col2\">\n<h2 class=\"about\">\u00dcber uns &#8230;<\/h2>\n<p><span class=\"dropcap\">U<\/span> nser Leistungsspektrum richtet sich vor allem an klein- und mittelst\u00e4ndische Unternehmen. Ihre Erwartungen zu erf\u00fcllen oder zu \u00fcbertreffen ist unser Ziel. Ihre Anfragen werden wir mit zielgenauen Leistungen und L\u00f6sungen beantworten, dies spart Ihnen Zeit, Geld und \u00c4rger.<\/p>\n<p>Wir bieten Ihnen P\u00fcnktlichkeit, Zuverl\u00e4ssigkeit und Flexibilit\u00e4t. Auch au\u00dferhalb der normalen Gesch\u00e4ftszeiten sind wir immer f\u00fcr Sie da, damit Sie sich stets Ihren Kunden st\u00f6rungsfrei widmen k\u00f6nnen. Denn Ihr Gesch\u00e4ft ist unser Gesch\u00e4ft.<\/p>\n<p><a href=\"firmenprofil\/\" class=\"button2 \">mehr erfahren &#8230;<span><\/span><\/a><br \/>\n<\/div>\n<div class=\"col2 last\">\n<h2 class=\"work\">Portfolio<\/h2>\n<p><ul class=\"frame\"><li><a href=\"https:\/\/www.mediasys24.de\/cms\/augenarztpraxis-in-erfurt\/\"><img width=\"80\" height=\"80\" src=\"https:\/\/www.mediasys24.de\/wp-content\/uploads\/2020\/10\/augenarzt-erfurt_mini-80x80.jpg\" class=\"attachment-mini_thumbnail size-mini_thumbnail wp-post-image\" alt=\"\" loading=\"lazy\" srcset=\"https:\/\/www.mediasys24.de\/wp-content\/uploads\/2020\/10\/augenarzt-erfurt_mini-80x80.jpg 80w, https:\/\/www.mediasys24.de\/wp-content\/uploads\/2020\/10\/augenarzt-erfurt_mini-150x150.jpg 150w\" sizes=\"(max-width: 80px) 100vw, 80px\" \/><\/a><\/li><li><a href=\"https:\/\/www.mediasys24.de\/cms\/agentur-rittermann-wir-handeln\/\"><img width=\"80\" height=\"80\" src=\"https:\/\/www.mediasys24.de\/wp-content\/uploads\/2020\/10\/agentur-rittermann_mini-80x80.jpg\" class=\"attachment-mini_thumbnail size-mini_thumbnail wp-post-image\" alt=\"\" loading=\"lazy\" srcset=\"https:\/\/www.mediasys24.de\/wp-content\/uploads\/2020\/10\/agentur-rittermann_mini-80x80.jpg 80w, https:\/\/www.mediasys24.de\/wp-content\/uploads\/2020\/10\/agentur-rittermann_mini-150x150.jpg 150w\" sizes=\"(max-width: 80px) 100vw, 80px\" \/><\/a><\/li><li><a href=\"https:\/\/www.mediasys24.de\/cms\/kuehler-gebhardt-wir-haben-benzin-im-blut\/\"><img width=\"80\" height=\"80\" src=\"https:\/\/www.mediasys24.de\/wp-content\/uploads\/2020\/10\/kuehlergebhardt_mini-80x80.jpg\" class=\"attachment-mini_thumbnail size-mini_thumbnail wp-post-image\" alt=\"\" loading=\"lazy\" srcset=\"https:\/\/www.mediasys24.de\/wp-content\/uploads\/2020\/10\/kuehlergebhardt_mini-80x80.jpg 80w, https:\/\/www.mediasys24.de\/wp-content\/uploads\/2020\/10\/kuehlergebhardt_mini-150x150.jpg 150w\" sizes=\"(max-width: 80px) 100vw, 80px\" \/><\/a><\/li><li><a href=\"https:\/\/www.mediasys24.de\/cms\/3928-2\/\"><img width=\"80\" height=\"80\" src=\"https:\/\/www.mediasys24.de\/wp-content\/uploads\/2020\/10\/schotec-online_mini-80x80.jpg\" class=\"attachment-mini_thumbnail size-mini_thumbnail wp-post-image\" alt=\"\" loading=\"lazy\" srcset=\"https:\/\/www.mediasys24.de\/wp-content\/uploads\/2020\/10\/schotec-online_mini-80x80.jpg 80w, https:\/\/www.mediasys24.de\/wp-content\/uploads\/2020\/10\/schotec-online_mini-150x150.jpg 150w\" sizes=\"(max-width: 80px) 100vw, 80px\" \/><\/a><\/li><li><a href=\"https:\/\/www.mediasys24.de\/cms\/elmek-wandersleben-landwirtschaftspartner\/\"><img width=\"80\" height=\"80\" src=\"https:\/\/www.mediasys24.de\/wp-content\/uploads\/2020\/10\/elmek-wandersleben_mini-80x80.jpg\" class=\"attachment-mini_thumbnail size-mini_thumbnail wp-post-image\" alt=\"\" loading=\"lazy\" srcset=\"https:\/\/www.mediasys24.de\/wp-content\/uploads\/2020\/10\/elmek-wandersleben_mini-80x80.jpg 80w, https:\/\/www.mediasys24.de\/wp-content\/uploads\/2020\/10\/elmek-wandersleben_mini-150x150.jpg 150w\" sizes=\"(max-width: 80px) 100vw, 80px\" \/><\/a><\/li><li><a href=\"https:\/\/www.mediasys24.de\/cms\/flinke-scheibe-dein-autoglaser-in-pirna\/\"><img width=\"80\" height=\"80\" src=\"https:\/\/www.mediasys24.de\/wp-content\/uploads\/2020\/10\/flinke-scheibe_mini-80x80.jpg\" class=\"attachment-mini_thumbnail size-mini_thumbnail wp-post-image\" alt=\"\" loading=\"lazy\" srcset=\"https:\/\/www.mediasys24.de\/wp-content\/uploads\/2020\/10\/flinke-scheibe_mini-80x80.jpg 80w, https:\/\/www.mediasys24.de\/wp-content\/uploads\/2020\/10\/flinke-scheibe_mini-150x150.jpg 150w\" sizes=\"(max-width: 80px) 100vw, 80px\" \/><\/a><\/li><li><a href=\"https:\/\/www.mediasys24.de\/cms\/ingenieurbuero-john-stolze-gmbh\/\"><img width=\"80\" height=\"80\" src=\"https:\/\/www.mediasys24.de\/wp-content\/uploads\/2020\/10\/john_stolze_mini-80x80.jpg\" class=\"attachment-mini_thumbnail size-mini_thumbnail wp-post-image\" alt=\"\" loading=\"lazy\" srcset=\"https:\/\/www.mediasys24.de\/wp-content\/uploads\/2020\/10\/john_stolze_mini-80x80.jpg 80w, https:\/\/www.mediasys24.de\/wp-content\/uploads\/2020\/10\/john_stolze_mini-150x150.jpg 150w\" sizes=\"(max-width: 80px) 100vw, 80px\" \/><\/a><\/li><li><a href=\"https:\/\/www.mediasys24.de\/cms\/erfurterfastenlust-finde-deinen-fastenweg\/\"><img width=\"80\" height=\"80\" src=\"https:\/\/www.mediasys24.de\/wp-content\/uploads\/2020\/10\/erfurterfastenlust_mini-80x80.jpg\" class=\"attachment-mini_thumbnail size-mini_thumbnail wp-post-image\" alt=\"\" loading=\"lazy\" srcset=\"https:\/\/www.mediasys24.de\/wp-content\/uploads\/2020\/10\/erfurterfastenlust_mini-80x80.jpg 80w, https:\/\/www.mediasys24.de\/wp-content\/uploads\/2020\/10\/erfurterfastenlust_mini-150x150.jpg 150w\" sizes=\"(max-width: 80px) 100vw, 80px\" \/><\/a><\/li><\/ul><br \/>\n<\/div>\n<div><\/div>\n<hr \/>\n<p><a href=\"http:\/\/joerk-plattform.de\/?mediasys24-rocks\" target=\"_blank\" rel=\"noopener\"><img src=\"https:\/\/www.mediasys24.de\/wp-content\/uploads\/2024\/06\/joerk-banner.png\" align=\"center\" border=\"1px solid #000000\"\/><\/a><\/p>\n<h3>Als offizieller Partner digitalisieren wir Ihr Unternehmen mit der <a href=\"http:\/\/joerk-plattform.de\/?mediasys24-rocks\">joerk\u00a0Plattform<\/a>.<\/h3>\n","protected":false},"excerpt":{"rendered":"<p>Als offizieller Partner digitalisieren wir Ihr Unternehmen mit der joerk\u00a0Plattform.<\/p>\n","protected":false},"author":1,"featured_media":0,"parent":0,"menu_order":0,"comment_status":"open","ping_status":"open","template":"","meta":[],"_links":{"self":[{"href":"https:\/\/www.mediasys24.de\/cms\/wp-json\/wp\/v2\/pages\/131"}],"collection":[{"href":"https:\/\/www.mediasys24.de\/cms\/wp-json\/wp\/v2\/pages"}],"about":[{"href":"https:\/\/www.mediasys24.de\/cms\/wp-json\/wp\/v2\/types\/page"}],"author":[{"embeddable":true,"href":"https:\/\/www.mediasys24.de\/cms\/wp-json\/wp\/v2\/users\/1"}],"replies":[{"embeddable":true,"href":"https:\/\/www.mediasys24.de\/cms\/wp-json\/wp\/v2\/comments?post=131"}],"version-history":[{"count":41,"href":"https:\/\/www.mediasys24.de\/cms\/wp-json\/wp\/v2\/pages\/131\/revisions"}],"predecessor-version":[{"id":3970,"href":"https:\/\/www.mediasys24.de\/cms\/wp-json\/wp\/v2\/pages\/131\/revisions\/3970"}],"wp:attachment":[{"href":"https:\/\/www.mediasys24.de\/cms\/wp-json\/wp\/v2\/media?parent=131"}],"curies":[{"name":"wp","href":"https:\/\/api.w.org\/{rel}","templated":true}]}}